{"id":2979,"date":"2023-07-24T11:41:17","date_gmt":"2023-07-24T10:41:17","guid":{"rendered":"https:\/\/www.thezazu.it\/shop\/uncategorized\/peggy\/"},"modified":"2023-07-24T11:41:17","modified_gmt":"2023-07-24T10:41:17","slug":"peggy","status":"publish","type":"product","link":"https:\/\/www.thezazu.it\/en\/shop\/cool-en\/peggy\/","title":{"rendered":"Peggy"},"content":{"rendered":"<p>The &#8220;niche&#8221; kennel Peggy has been designed for small dogs and cats. &#8216; It &#8216;a cozy, warm and welcoming, made of soft 3D fabric filled with cotton wool bow anallergenic. Perfect for sweet naps or as a safe shelter, and suitable for the most curious pets. Equipped with removable inner cushion. Peggy is available in 4 sought-after soft tones.    <\/p>\n<p>Item size (WxHxD)<br \/>\n<strong>Folded: \u00d843 H28 &#8211; Open: \u00d843 H50<\/strong><\/p>\n<p><strong>Material in %<br \/>\n<\/strong>EXT: 90% polyester \/ 10% nylon &#8211; INT: 100% polyester<\/p>\n","protected":false},"excerpt":{"rendered":"<p>Il canile &#8220;nicchia&#8221; Peggy \u00e8 stato progettato per cani e gatti di piccola taglia.<br \/>\nDimensioni: \u00d843 H50<\/p>\n","protected":false},"featured_media":28,"template":"","meta":{"_acf_changed":false},"product_brand":[],"product_cat":[236],"product_tag":[194,220,150,193,219,195,207,237],"class_list":{"0":"post-2979","1":"product","2":"type-product","3":"status-publish","4":"has-post-thumbnail","6":"product_cat-cool-en","7":"product_tag-anti-slip-en","8":"product_tag-compliant-en","9":"product_tag-easy-clean-en","10":"product_tag-hypoallergenic-en-2","11":"product_tag-non-inflamable-en","12":"product_tag-removable-en","13":"product_tag-washable-en","14":"product_tag-waterproof-en","15":"pa_colore-oceans","16":"pa_colore-rope","17":"pa_colore-slate","18":"pa_colore-sugar-en","19":"pa_taglia-43-en","20":"pa_taglia-65-en","22":"first","23":"instock","24":"sale","25":"shipping-taxable","26":"purchasable","27":"product-type-variable","28":"has-default-attributes"},"acf":[],"yoast_head":"<!-- This site is optimized with the Yoast SEO plugin v27.5 - https:\/\/yoast.com\/product\/yoast-seo-wordpress\/ -->\n<title>Peggy - The Zazu<\/title>\n<meta name=\"robots\" content=\"index, follow, max-snippet:-1, max-image-preview:large, max-video-preview:-1\" \/>\n<link rel=\"canonical\" href=\"https:\/\/www.thezazu.it\/en\/shop\/cool-en\/peggy\/\" \/>\n<meta property=\"og:locale\" content=\"en_US\" \/>\n<meta property=\"og:type\" content=\"article\" \/>\n<meta property=\"og:title\" content=\"Peggy - The Zazu\" \/>\n<meta property=\"og:description\" content=\"Il canile &quot;nicchia&quot; Peggy \u00e8 stato progettato per cani e gatti di piccola taglia. Dimensioni: \u00d843 H50\" \/>\n<meta property=\"og:url\" content=\"https:\/\/www.thezazu.it\/en\/shop\/cool-en\/peggy\/\" \/>\n<meta property=\"og:site_name\" content=\"The Zazu\" \/>\n<meta name=\"twitter:card\" content=\"summary_large_image\" \/>\n<script type=\"application\/ld+json\" class=\"yoast-schema-graph\">{\"@context\":\"https:\\\/\\\/schema.org\",\"@graph\":[{\"@type\":\"WebPage\",\"@id\":\"https:\\\/\\\/www.thezazu.it\\\/en\\\/shop\\\/cool-en\\\/peggy\\\/\",\"url\":\"https:\\\/\\\/www.thezazu.it\\\/en\\\/shop\\\/cool-en\\\/peggy\\\/\",\"name\":\"Peggy - The Zazu\",\"isPartOf\":{\"@id\":\"https:\\\/\\\/www.thezazu.it\\\/en\\\/#website\"},\"primaryImageOfPage\":{\"@id\":\"https:\\\/\\\/www.thezazu.it\\\/en\\\/shop\\\/cool-en\\\/peggy\\\/#primaryimage\"},\"image\":{\"@id\":\"https:\\\/\\\/www.thezazu.it\\\/en\\\/shop\\\/cool-en\\\/peggy\\\/#primaryimage\"},\"thumbnailUrl\":\"https:\\\/\\\/www.thezazu.it\\\/wp-content\\\/uploads\\\/2023\\\/07\\\/PEGGY-877.jpg\",\"datePublished\":\"2023-07-24T10:41:17+00:00\",\"breadcrumb\":{\"@id\":\"https:\\\/\\\/www.thezazu.it\\\/en\\\/shop\\\/cool-en\\\/peggy\\\/#breadcrumb\"},\"inLanguage\":\"en-US\",\"potentialAction\":[{\"@type\":\"ReadAction\",\"target\":[\"https:\\\/\\\/www.thezazu.it\\\/en\\\/shop\\\/cool-en\\\/peggy\\\/\"]}]},{\"@type\":\"ImageObject\",\"inLanguage\":\"en-US\",\"@id\":\"https:\\\/\\\/www.thezazu.it\\\/en\\\/shop\\\/cool-en\\\/peggy\\\/#primaryimage\",\"url\":\"https:\\\/\\\/www.thezazu.it\\\/wp-content\\\/uploads\\\/2023\\\/07\\\/PEGGY-877.jpg\",\"contentUrl\":\"https:\\\/\\\/www.thezazu.it\\\/wp-content\\\/uploads\\\/2023\\\/07\\\/PEGGY-877.jpg\",\"width\":1600,\"height\":1142,\"caption\":\"[#Beginning of Shooting Data Section] Taille d'image :L (6016 x 4016), FX 2022\\\/12\\\/02 10:58:06.89 Fuseau horaire\\\/date :UTC+1, Heure d'\u00e9t\u00e9:Activ\u00e9e RAW, compression sans perte (14 bits) Nikon D750 Objectif :24-70mm f\\\/2.8G Focale :38mm Mode mise au point :AF-S Zone AF :AF zone large VR : R\u00e9glage pr\u00e9cis AF :D\u00e9sactiv\u00e9 Ouverture :f\\\/10 Vitesse d'obturation :1\\\/8s Mode d'exposition :M Correction expo. :0IL R\u00e9gl. pr\u00e9cis expo. : Mesure :Spot Sensibilit\u00e9 :ISO 100 Mod\u00e8le : Balance des blancs :Flash, 0, 0 Espace colorim\u00e9trique :sRVB R\u00e9duc. bruit ISO :Normale R\u00e9duction du bruit :D\u00e9sactiv\u00e9e D-Lighting actif :D\u00e9sactiv\u00e9 Contr\u00f4le du vignetage :Normal Contr\u00f4le auto de la distorsion :D\u00e9sactiv\u00e9 Picture Control :[SD] Standard Fond\u00e9 sur :[SD] Standard R\u00e9glage rapide : 0.00 Accentuation :+3.00 Clart\u00e9 :+1.00 Contraste : 0.00 Luminosit\u00e9 : 0.00 Saturation : 0.00 Teinte : 0.00 Effets de filtres : Virage : Optimisation image : Mode couleur : Correction des tons : R\u00e9glage des teintes : Saturation : Accentuation : Latitude : Longitude : Altitude : R\u00e9f\u00e9rence altitude : Cap g\u00e9ographique : UTC : Sys coord : [#End of Shooting Data Section]\"},{\"@type\":\"BreadcrumbList\",\"@id\":\"https:\\\/\\\/www.thezazu.it\\\/en\\\/shop\\\/cool-en\\\/peggy\\\/#breadcrumb\",\"itemListElement\":[{\"@type\":\"ListItem\",\"position\":1,\"name\":\"Home\",\"item\":\"https:\\\/\\\/www.thezazu.it\\\/en\\\/home\\\/\"},{\"@type\":\"ListItem\",\"position\":2,\"name\":\"Shop\",\"item\":\"https:\\\/\\\/www.thezazu.it\\\/en\\\/shop\\\/\"},{\"@type\":\"ListItem\",\"position\":3,\"name\":\"Peggy\"}]},{\"@type\":\"WebSite\",\"@id\":\"https:\\\/\\\/www.thezazu.it\\\/en\\\/#website\",\"url\":\"https:\\\/\\\/www.thezazu.it\\\/en\\\/\",\"name\":\"The Zazu\",\"description\":\"\",\"publisher\":{\"@id\":\"https:\\\/\\\/www.thezazu.it\\\/en\\\/#organization\"},\"potentialAction\":[{\"@type\":\"SearchAction\",\"target\":{\"@type\":\"EntryPoint\",\"urlTemplate\":\"https:\\\/\\\/www.thezazu.it\\\/en\\\/?s={search_term_string}\"},\"query-input\":{\"@type\":\"PropertyValueSpecification\",\"valueRequired\":true,\"valueName\":\"search_term_string\"}}],\"inLanguage\":\"en-US\"},{\"@type\":\"Organization\",\"@id\":\"https:\\\/\\\/www.thezazu.it\\\/en\\\/#organization\",\"name\":\"The Zazu\",\"url\":\"https:\\\/\\\/www.thezazu.it\\\/en\\\/\",\"logo\":{\"@type\":\"ImageObject\",\"inLanguage\":\"en-US\",\"@id\":\"https:\\\/\\\/www.thezazu.it\\\/en\\\/#\\\/schema\\\/logo\\\/image\\\/\",\"url\":\"https:\\\/\\\/www.thezazu.it\\\/wp-content\\\/uploads\\\/2023\\\/07\\\/Risorsa-1The-Zazu.png\",\"contentUrl\":\"https:\\\/\\\/www.thezazu.it\\\/wp-content\\\/uploads\\\/2023\\\/07\\\/Risorsa-1The-Zazu.png\",\"width\":824,\"height\":637,\"caption\":\"The Zazu\"},\"image\":{\"@id\":\"https:\\\/\\\/www.thezazu.it\\\/en\\\/#\\\/schema\\\/logo\\\/image\\\/\"}}]}<\/script>\n<!-- \/ Yoast SEO plugin. -->","yoast_head_json":{"title":"Peggy - The Zazu","robots":{"index":"index","follow":"follow","max-snippet":"max-snippet:-1","max-image-preview":"max-image-preview:large","max-video-preview":"max-video-preview:-1"},"canonical":"https:\/\/www.thezazu.it\/en\/shop\/cool-en\/peggy\/","og_locale":"en_US","og_type":"article","og_title":"Peggy - The Zazu","og_description":"Il canile \"nicchia\" Peggy \u00e8 stato progettato per cani e gatti di piccola taglia. Dimensioni: \u00d843 H50","og_url":"https:\/\/www.thezazu.it\/en\/shop\/cool-en\/peggy\/","og_site_name":"The Zazu","twitter_card":"summary_large_image","schema":{"@context":"https:\/\/schema.org","@graph":[{"@type":"WebPage","@id":"https:\/\/www.thezazu.it\/en\/shop\/cool-en\/peggy\/","url":"https:\/\/www.thezazu.it\/en\/shop\/cool-en\/peggy\/","name":"Peggy - The Zazu","isPartOf":{"@id":"https:\/\/www.thezazu.it\/en\/#website"},"primaryImageOfPage":{"@id":"https:\/\/www.thezazu.it\/en\/shop\/cool-en\/peggy\/#primaryimage"},"image":{"@id":"https:\/\/www.thezazu.it\/en\/shop\/cool-en\/peggy\/#primaryimage"},"thumbnailUrl":"https:\/\/www.thezazu.it\/wp-content\/uploads\/2023\/07\/PEGGY-877.jpg","datePublished":"2023-07-24T10:41:17+00:00","breadcrumb":{"@id":"https:\/\/www.thezazu.it\/en\/shop\/cool-en\/peggy\/#breadcrumb"},"inLanguage":"en-US","potentialAction":[{"@type":"ReadAction","target":["https:\/\/www.thezazu.it\/en\/shop\/cool-en\/peggy\/"]}]},{"@type":"ImageObject","inLanguage":"en-US","@id":"https:\/\/www.thezazu.it\/en\/shop\/cool-en\/peggy\/#primaryimage","url":"https:\/\/www.thezazu.it\/wp-content\/uploads\/2023\/07\/PEGGY-877.jpg","contentUrl":"https:\/\/www.thezazu.it\/wp-content\/uploads\/2023\/07\/PEGGY-877.jpg","width":1600,"height":1142,"caption":"[#Beginning of Shooting Data Section] Taille d'image :L (6016 x 4016), FX 2022\/12\/02 10:58:06.89 Fuseau horaire\/date :UTC+1, Heure d'\u00e9t\u00e9:Activ\u00e9e RAW, compression sans perte (14 bits) Nikon D750 Objectif :24-70mm f\/2.8G Focale :38mm Mode mise au point :AF-S Zone AF :AF zone large VR : R\u00e9glage pr\u00e9cis AF :D\u00e9sactiv\u00e9 Ouverture :f\/10 Vitesse d'obturation :1\/8s Mode d'exposition :M Correction expo. :0IL R\u00e9gl. pr\u00e9cis expo. : Mesure :Spot Sensibilit\u00e9 :ISO 100 Mod\u00e8le : Balance des blancs :Flash, 0, 0 Espace colorim\u00e9trique :sRVB R\u00e9duc. bruit ISO :Normale R\u00e9duction du bruit :D\u00e9sactiv\u00e9e D-Lighting actif :D\u00e9sactiv\u00e9 Contr\u00f4le du vignetage :Normal Contr\u00f4le auto de la distorsion :D\u00e9sactiv\u00e9 Picture Control :[SD] Standard Fond\u00e9 sur :[SD] Standard R\u00e9glage rapide : 0.00 Accentuation :+3.00 Clart\u00e9 :+1.00 Contraste : 0.00 Luminosit\u00e9 : 0.00 Saturation : 0.00 Teinte : 0.00 Effets de filtres : Virage : Optimisation image : Mode couleur : Correction des tons : R\u00e9glage des teintes : Saturation : Accentuation : Latitude : Longitude : Altitude : R\u00e9f\u00e9rence altitude : Cap g\u00e9ographique : UTC : Sys coord : [#End of Shooting Data Section]"},{"@type":"BreadcrumbList","@id":"https:\/\/www.thezazu.it\/en\/shop\/cool-en\/peggy\/#breadcrumb","itemListElement":[{"@type":"ListItem","position":1,"name":"Home","item":"https:\/\/www.thezazu.it\/en\/home\/"},{"@type":"ListItem","position":2,"name":"Shop","item":"https:\/\/www.thezazu.it\/en\/shop\/"},{"@type":"ListItem","position":3,"name":"Peggy"}]},{"@type":"WebSite","@id":"https:\/\/www.thezazu.it\/en\/#website","url":"https:\/\/www.thezazu.it\/en\/","name":"The Zazu","description":"","publisher":{"@id":"https:\/\/www.thezazu.it\/en\/#organization"},"potentialAction":[{"@type":"SearchAction","target":{"@type":"EntryPoint","urlTemplate":"https:\/\/www.thezazu.it\/en\/?s={search_term_string}"},"query-input":{"@type":"PropertyValueSpecification","valueRequired":true,"valueName":"search_term_string"}}],"inLanguage":"en-US"},{"@type":"Organization","@id":"https:\/\/www.thezazu.it\/en\/#organization","name":"The Zazu","url":"https:\/\/www.thezazu.it\/en\/","logo":{"@type":"ImageObject","inLanguage":"en-US","@id":"https:\/\/www.thezazu.it\/en\/#\/schema\/logo\/image\/","url":"https:\/\/www.thezazu.it\/wp-content\/uploads\/2023\/07\/Risorsa-1The-Zazu.png","contentUrl":"https:\/\/www.thezazu.it\/wp-content\/uploads\/2023\/07\/Risorsa-1The-Zazu.png","width":824,"height":637,"caption":"The Zazu"},"image":{"@id":"https:\/\/www.thezazu.it\/en\/#\/schema\/logo\/image\/"}}]}},"_links":{"self":[{"href":"https:\/\/www.thezazu.it\/en\/wp-json\/wp\/v2\/product\/2979","targetHints":{"allow":["GET"]}}],"collection":[{"href":"https:\/\/www.thezazu.it\/en\/wp-json\/wp\/v2\/product"}],"about":[{"href":"https:\/\/www.thezazu.it\/en\/wp-json\/wp\/v2\/types\/product"}],"wp:featuredmedia":[{"embeddable":true,"href":"https:\/\/www.thezazu.it\/en\/wp-json\/wp\/v2\/media\/28"}],"wp:attachment":[{"href":"https:\/\/www.thezazu.it\/en\/wp-json\/wp\/v2\/media?parent=2979"}],"wp:term":[{"taxonomy":"product_brand","embeddable":true,"href":"https:\/\/www.thezazu.it\/en\/wp-json\/wp\/v2\/product_brand?post=2979"},{"taxonomy":"product_cat","embeddable":true,"href":"https:\/\/www.thezazu.it\/en\/wp-json\/wp\/v2\/product_cat?post=2979"},{"taxonomy":"product_tag","embeddable":true,"href":"https:\/\/www.thezazu.it\/en\/wp-json\/wp\/v2\/product_tag?post=2979"}],"curies":[{"name":"wp","href":"https:\/\/api.w.org\/{rel}","templated":true}]}}